{"id":1781,"date":"2013-09-07T23:06:17","date_gmt":"2013-09-07T21:06:17","guid":{"rendered":"http:\/\/www.itec-engineering.net\/avionique\/"},"modified":"2013-09-07T23:06:17","modified_gmt":"2013-09-07T21:06:17","slug":"avionique","status":"publish","type":"page","link":"http:\/\/www.itec-engineering.net\/fr\/avionique\/","title":{"rendered":"Avionique"},"content":{"rendered":"<ul>\n<li>Analyse<\/li>\n<li>Design<\/li>\n<li>Conception<\/li>\n<li>Screening<\/li>\n<li>Optimisation de proc\u00e9dure<\/li>\n<li>V &#038; V Critique de s\u00e9curit\u00e9 HW &#038; SW (A REVOIR)<\/li>\n<li>V &#038; V Documentation<\/li>\n<li>V &#038; V Aspects de facteur Humain (A REVOIR)<\/li>\n<li>R\u00e9alisation<\/li>\n<li>Certification support<\/li>\n<li>Qualification<\/li>\n<li class=\"last\">Inspection Technique<\/li>\n<\/ul>\n<p>Nous offrons de l\u2019excellent Know-How pour le d\u00e9veloppement des syst\u00e8mes d\u2019\u00e9quipement \u00e9lectrique et \u00e9lectronique qui trouvent utilisation \u00e0 bord des appareils Volants, y compris les Instruments de Vol.<\/p>\n<p>Ing\u00e9nierie de Syst\u00e8me selon DO 178B\/C, DO254, ABD100, AB200, ARP4761, ARP4754 etc. Sur Toute l\u2019\u00e9tendue du cycle de vie.<\/p>\n<p>\u00a0<\/p>\n","protected":false},"excerpt":{"rendered":"<p>Analyse Design Conception Screening Optimisation de proc\u00e9dure V &#038; V Critique de s\u00e9curit\u00e9 HW &#038; SW (A REVOIR) V &#038; V Documentation V &#038; V Aspects de facteur Humain (A REVOIR) R\u00e9alisation Certification support Qualification Inspection Technique Nous offrons de l\u2019excellent Know-How pour le d\u00e9veloppement des syst\u00e8mes d\u2019\u00e9quipement \u00e9lectrique et<\/p>\n","protected":false},"author":1,"featured_media":2034,"parent":0,"menu_order":0,"comment_status":"open","ping_status":"open","template":"leistung_page.php","meta":{"_acf_changed":false,"ngg_post_thumbnail":0,"footnotes":""},"acf":[],"aioseo_notices":[],"_links":{"self":[{"href":"http:\/\/www.itec-engineering.net\/fr\/wp-json\/wp\/v2\/pages\/1781"}],"collection":[{"href":"http:\/\/www.itec-engineering.net\/fr\/wp-json\/wp\/v2\/pages"}],"about":[{"href":"http:\/\/www.itec-engineering.net\/fr\/wp-json\/wp\/v2\/types\/page"}],"author":[{"embeddable":true,"href":"http:\/\/www.itec-engineering.net\/fr\/wp-json\/wp\/v2\/users\/1"}],"replies":[{"embeddable":true,"href":"http:\/\/www.itec-engineering.net\/fr\/wp-json\/wp\/v2\/comments?post=1781"}],"version-history":[{"count":0,"href":"http:\/\/www.itec-engineering.net\/fr\/wp-json\/wp\/v2\/pages\/1781\/revisions"}],"wp:featuredmedia":[{"embeddable":true,"href":"http:\/\/www.itec-engineering.net\/fr\/wp-json\/wp\/v2\/media\/2034"}],"wp:attachment":[{"href":"http:\/\/www.itec-engineering.net\/fr\/wp-json\/wp\/v2\/media?parent=1781"}],"curies":[{"name":"wp","href":"https:\/\/api.w.org\/{rel}","templated":true}]}}