{"id":1816,"date":"2013-09-07T23:21:44","date_gmt":"2013-09-07T21:21:44","guid":{"rendered":"http:\/\/www.itec-engineering.net\/software\/"},"modified":"2013-09-07T23:21:44","modified_gmt":"2013-09-07T21:21:44","slug":"software","status":"publish","type":"page","link":"http:\/\/www.itec-engineering.net\/fr\/software\/","title":{"rendered":"Software"},"content":{"rendered":"<ul>\n<li>Analyse de la Complexe Conduite effective (A revoir)<\/li>\n<li>Ing\u00e9nierie bas\u00e9e sur les crit\u00e8res (Requirement Based Engineering)<\/li>\n<li>Gestion de projet<\/li>\n<li>D\u00e9veloppement du design du software<\/li>\n<li>Programation<\/li>\n<li>Validation &#038; V\u00e9rification (V&#038;V)<\/li>\n<li>Gestion de la configuration<\/li>\n<li>Documentation<\/li>\n<li class=\"last\">Abduction professionnelle du client dans le software r\u00e9alis\u00e9 (A REVOIR)<\/li>\n<\/ul>\n<p>Notre Expertise dans le domaine du d\u00e9veloppement de software va loin au del\u00e0 d\u2019une s\u00e9rie de  langages de programmation. Nous maitrisons les avantages et inconv\u00e9nients des langages et architectures de software et mettons de ce fait en marche d\u2019instruments optimaux.<\/p>\n<p><a title=\"Services\" href=\"http:\/\/www.itec-engineering.net\/skills\/?lang=fr\">Ult\u00e9rieures Informations en cliquant sur le Lien suivant<\/a><\/p>\n<p>&nbsp;<\/p>\n","protected":false},"excerpt":{"rendered":"<p>Analyse de la Complexe Conduite effective (A revoir) Ing\u00e9nierie bas\u00e9e sur les crit\u00e8res (Requirement Based Engineering) Gestion de projet D\u00e9veloppement du design du software Programation Validation &#038; V\u00e9rification (V&#038;V) Gestion de la configuration Documentation Abduction professionnelle du client dans le software r\u00e9alis\u00e9 (A REVOIR) Notre Expertise dans le domaine du<\/p>\n","protected":false},"author":1,"featured_media":2226,"parent":0,"menu_order":0,"comment_status":"open","ping_status":"open","template":"leistung_page.php","meta":{"_acf_changed":false,"ngg_post_thumbnail":0,"footnotes":""},"acf":[],"aioseo_notices":[],"_links":{"self":[{"href":"http:\/\/www.itec-engineering.net\/fr\/wp-json\/wp\/v2\/pages\/1816"}],"collection":[{"href":"http:\/\/www.itec-engineering.net\/fr\/wp-json\/wp\/v2\/pages"}],"about":[{"href":"http:\/\/www.itec-engineering.net\/fr\/wp-json\/wp\/v2\/types\/page"}],"author":[{"embeddable":true,"href":"http:\/\/www.itec-engineering.net\/fr\/wp-json\/wp\/v2\/users\/1"}],"replies":[{"embeddable":true,"href":"http:\/\/www.itec-engineering.net\/fr\/wp-json\/wp\/v2\/comments?post=1816"}],"version-history":[{"count":0,"href":"http:\/\/www.itec-engineering.net\/fr\/wp-json\/wp\/v2\/pages\/1816\/revisions"}],"wp:featuredmedia":[{"embeddable":true,"href":"http:\/\/www.itec-engineering.net\/fr\/wp-json\/wp\/v2\/media\/2226"}],"wp:attachment":[{"href":"http:\/\/www.itec-engineering.net\/fr\/wp-json\/wp\/v2\/media?parent=1816"}],"curies":[{"name":"wp","href":"https:\/\/api.w.org\/{rel}","templated":true}]}}